{"id":1661,"date":"2023-05-13T15:52:50","date_gmt":"2023-05-13T13:52:50","guid":{"rendered":"https:\/\/rennsportcw.com\/?page_id=1661"},"modified":"2026-01-18T09:34:41","modified_gmt":"2026-01-18T08:34:41","slug":"fahrerplatz","status":"publish","type":"page","link":"https:\/\/rennsport-wachter.de\/en\/fahrerplatz\/","title":{"rendered":"driver's seat"},"content":{"rendered":"<p>[et_pb_section fb_built=&#8220;1&#8243; _builder_version=&#8220;4.9.2&#8243; _module_preset=&#8220;default&#8220; min_height=&#8220;1141.9px&#8220; custom_padding=&#8220;4px||0px|||&#8220;][et_pb_row _builder_version=&#8220;4.9.2&#8243; _module_preset=&#8220;default&#8220; custom_padding=&#8220;43px||3px|||&#8220;][et_pb_column type=&#8220;4_4&#8243; _builder_version=&#8220;4.9.2&#8243; _module_preset=&#8220;default&#8220;][et_pb_text _builder_version=&#8220;4.9.2&#8243; _module_preset=&#8220;default&#8220; hover_enabled=&#8220;0&#8243; sticky_enabled=&#8220;0&#8243;]<\/p>\n<h1><strong>Formel 3 Fahrerpl\u00e4tze und Leistungen<\/strong><\/h1>\n<p>[\/et_pb_text][et_pb_image src=&#8220;https:\/\/rennsportcw.com\/wp-content\/uploads\/2025\/04\/20231103_105114-scaled.jpg&#8220; title_text=&#8220;20231103_105114&#8243; _builder_version=&#8220;4.9.2&#8243; _module_preset=&#8220;default&#8220; hover_enabled=&#8220;0&#8243; sticky_enabled=&#8220;0&#8243;][\/et_pb_image][et_pb_text _builder_version=&#8220;4.9.2&#8243; _module_preset=&#8220;default&#8220; custom_padding=&#8220;||2px|||&#8220;]<\/p>\n<div class=\"panel--content\">\n<div itemprop=\"description\">\n<div itemprop=\"description\">Wir bieten jungen und jung gebliebenen Fahrern eine Einstiegsm\u00f6glichkeit in den Formelrennsport. Dabei \u00fcbernehmen wir alle administrativen, logistischen und technischen Arbeiten, sodass Sie sich auf das Fahren konzentrieren k\u00f6nnen. Unter anderem bieten wir Leistungspakete f\u00fcr:<\/div>\n<ul>\n<li>Testfahren<\/li>\n<li>Einzelveranstaltungen\/ Rennwochenenden<\/li>\n<li>Komplette Saison in einer oder auch mehreren Meisterschaften<\/li>\n<\/ul>\n<h3>driver's seat<\/h3>\n<p>Are you looking for a driver's seat in a formula car and like to take the next step in your motorsport career? Then you are right here! We offer F3 test sessions and driver's seats for racing events in several Formula 3 racing series.<\/p>\n<p>Das Rennfahrzeug das wir einsetzen, ist ein Dallara Formel 3 Rennwagen mit Carbon Monocoque. Der Bolide ist mit neuester Elektronik, Datenaufzeichnung und einer Onboard Kamera ausgestattet. Zahlreiche Videos sind auf YouTube unter &#8222;Rennsport Christian Wachter&#8220; zu finden.<\/p>\n<ul><\/ul>\n<p>For racing events <strong>an international C license<\/strong> and FIA homologated driver equipment required. Since the vehicle is one of the more powerful Formula 3 vehicles, it is classified in the Cup class. <strong>No license is required for test drives<\/strong> erforderlich.<\/p>\n<p>The racing calendar can be found under racing events. We set individual appointments for test drives after consultation.<\/p>\n<p>For all test drives and events, we offer coaching with our instructor.<\/p>\n<\/div>\n<\/div>\n<p>[\/et_pb_text][\/et_pb_column][\/et_pb_row][\/et_pb_section][et_pb_section fb_built=&#8220;1&#8243; _builder_version=&#8220;4.9.2&#8243; _module_preset=&#8220;default&#8220; custom_padding=&#8220;0px|||||&#8220;][et_pb_row _builder_version=&#8220;4.9.2&#8243; _module_preset=&#8220;default&#8220;][et_pb_column type=&#8220;4_4&#8243; _builder_version=&#8220;4.9.2&#8243; _module_preset=&#8220;default&#8220;][et_pb_text _builder_version=&#8220;4.9.2&#8243; _module_preset=&#8220;default&#8220; custom_padding=&#8220;||2px|||&#8220;]<\/p>\n<div class=\"panel--content\">\n<h3>Leistungs\u00fcbersicht<\/h3>\n<ul>\n<li>Logistik: Transport des Rennfahrzeugs zur Rennstrecke und wieder zur\u00fcck<\/li>\n<li>Technische Betreuung des Rennwagens auf der Rennstrecke:\n<ul>\n<li style=\"list-style-type: none;\">\n<ul>\n<li>Setup-Anpassungen wie Reifendruck, Fl\u00fcgeleinstellung, Getriebe\u00fcbersetzung, Fahrh\u00f6he, Fahrwerksgeometrie usw.)<\/li>\n<li>Radwechsel<\/li>\n<li>Tanken<\/li>\n<li>Anschnallen des Fahrers (bei Formelfahrzeugen)<\/li>\n<\/ul>\n<\/li>\n<\/ul>\n<\/li>\n<li>Vorbereitung des Rennwagens auf den Einsatz:\n<ul>\n<li style=\"list-style-type: none;\">\n<ul>\n<li>Fahrzeugeinstellung<\/li>\n<li>Wartungsarbeiten<\/li>\n<li>Reparaturen<\/li>\n<\/ul>\n<\/li>\n<\/ul>\n<\/li>\n<li>Fahrercoaching zur Verbesserung der fahrerischen Leistung<\/li>\n<li>Ingenieurleistungen\n<ul>\n<li style=\"list-style-type: none;\">\n<ul>\n<li>Data analysis and evaluation<\/li>\n<li>\u00dcberwachung der technischen Systeme<\/li>\n<li>Optimization of vehicle settings based on driver feedback and telemetry data<\/li>\n<li>Vehicle management during test drives and races<\/li>\n<li>Driver coaching<\/li>\n<\/ul>\n<\/li>\n<\/ul>\n<\/li>\n<li>Administrative T\u00e4tigkeiten\n<ul>\n<li style=\"list-style-type: none;\">\n<ul>\n<li>Anmeldung zu den Veranstaltungen<\/li>\n<li>Buchen der Box<\/li>\n<li>Organisation der Reifen usw.<\/li>\n<\/ul>\n<\/li>\n<\/ul>\n<\/li>\n<\/ul>\n<p><strong>Falls Sie einen eigenen Rennwagen haben, bieten wir Ihnen ebenfalls s\u00e4mtliche Leistungen an.<\/strong><\/p>\n<p>Wenn Sie auf der Suche nach einzelnen Leistungen, wie Ingenieursleistungen, Coaching oder Transport sind, bieten wir diese auch separat an. Ihren W\u00fcnschen entsprechend k\u00f6nnen Leistungsumf\u00e4nge individuell abgestimmt werden.<\/p>\n<\/div>\n<p>[\/et_pb_text][et_pb_button button_url=&#8220;@ET-DC@eyJkeW5hbWljIjp0cnVlLCJjb250ZW50IjoicG9zdF9saW5rX3VybF9hdHRhY2htZW50Iiwic2V0dGluZ3MiOnsicG9zdF9pZCI6IjIxNTAifX0=@&#8220; url_new_window=&#8220;on&#8220; button_text=&#8220;Brosch\u00fcre ansehen&#8220; _builder_version=&#8220;4.9.2&#8243; _dynamic_attributes=&#8220;button_url&#8220; _module_preset=&#8220;default&#8220;][\/et_pb_button][et_pb_text _builder_version=&#8220;4.9.2&#8243; _module_preset=&#8220;default&#8220; custom_margin=&#8220;2px|||||&#8220;]<\/p>\n<h3>A testday with us:<\/h3>\n<p>[\/et_pb_text][et_pb_video src=&#8220;https:\/\/youtu.be\/uyubzXsEmqw?si=1PK3I_bUtdVXFWFC&#8220; _builder_version=&#8220;4.9.2&#8243; _module_preset=&#8220;default&#8220;][\/et_pb_video][et_pb_text _builder_version=&#8220;4.9.2&#8243; _module_preset=&#8220;default&#8220;]<\/p>\n<h3>A raceweekend with us:<\/h3>\n<p>[\/et_pb_text][et_pb_video src=&#8220;https:\/\/www.youtube.com\/watch?v=MQl4H-y4HWg&#038;t=126s&#8220; _builder_version=&#8220;4.9.2&#8243; _module_preset=&#8220;default&#8220;][\/et_pb_video][\/et_pb_column][\/et_pb_row][\/et_pb_section][et_pb_section fb_built=&#8220;1&#8243; _builder_version=&#8220;4.9.2&#8243; _module_preset=&#8220;default&#8220;][et_pb_row column_structure=&#8220;2_3,1_3&#8243; _builder_version=&#8220;4.9.2&#8243; _module_preset=&#8220;default&#8220;][et_pb_column type=&#8220;2_3&#8243; _builder_version=&#8220;4.9.2&#8243; _module_preset=&#8220;default&#8220;][et_pb_accordion _builder_version=&#8220;4.9.2&#8243; _module_preset=&#8220;default&#8220;][et_pb_accordion_item title=&#8220;Der Formel 3 Rennwagen&#8220; open=&#8220;on&#8220; _builder_version=&#8220;4.9.2&#8243; _module_preset=&#8220;default&#8220; background_enable_image=&#8220;off&#8220;]<\/p>\n<ul>\n<li><strong>Model<\/strong>: Dallara F308\/10\n<ul>\n<li><strong>Performance<\/strong><\/li>\n<ul>\n<li>0-100: &lt; 3 Seconds<\/li>\n<li>Topspeed: &gt; 270 km\/h (168 mph)<\/li>\n<li>Power-to-weight ratio 2 kg\/hp<\/li>\n<\/ul>\n<li><strong>Engine<\/strong>:<\/li>\n<ul>\n<li>Fiat FPT 420F3 Evo2<\/li>\n<li>volume 2000 ccm<\/li>\n<li>In-line four-cylinder Naturally aspirated<\/li>\n<\/ul>\n<li><strong>gearbox<\/strong><\/li>\n<ul>\n<li>Hewland FTR<\/li>\n<li>Paddleshift System &amp; Sequential shifting<\/li>\n<li>6 gears + reverse<\/li>\n<\/ul>\n<li><strong>safety<\/strong>:<\/li>\n<ul>\n<li>Dallara Carbon sandwich Monocoque<\/li>\n<li>FIA 6 point seatbelt<\/li>\n<li>FIA Safety Fuelcell<\/li>\n<li>OMP Fire extinguishing system<\/li>\n<\/ul>\n<li><strong>Electronics<\/strong><\/li>\n<ul>\n<li>AIM Steering Wheel 4<\/li>\n<li>Life Racing ECU<\/li>\n<li>AIM Smarty Cam 2 HD<\/li>\n<li>AIM RS3 data analysis<\/li>\n<li>battery: LITE BLOX LB28XX<\/li>\n<\/ul>\n<li><strong>tires<\/strong><\/li>\n<ul>\n<li>Pirelli Slicks<\/li>\n<li>OZ Racing magnesium rims 13 inch<\/li>\n<li>front: 200\/540 R13<\/li>\n<li>rear: 250\/575 R13<\/li>\n<\/ul>\n<li><strong>Brakes<\/strong><\/li>\n<ul>\n<li>Brembo 4 piston aluminum brake caliper<\/li>\n<li>Brembo steel brake discs, internally ventilated, diameter 278 mm<\/li>\n<\/ul>\n<li><strong>Suspension<\/strong><\/li>\n<ul>\n<li>pushrod twin damper system<\/li>\n<li>dampers: Koni 2812 bump and rebound adjustable<\/li>\n<li>springs: Eibach<\/li>\n<\/ul>\n<li><strong>Dimensions<\/strong><\/li>\n<ul>\n<li>Length 4264 mm<\/li>\n<li>Width 1835mm<\/li>\n<li>Hight 950 mm<\/li>\n<li>wheelbase 2730 mm<\/li>\n<li>Front track 1585 mm<\/li>\n<li>Rear track 1585 mm<\/li>\n<li>Weight approx. 500 kg<\/li>\n<\/ul>\n<\/ul>\n<\/li>\n<\/ul>\n<p>&nbsp;<\/p>\n<p>[\/et_pb_accordion_item][et_pb_accordion_item title=&#8220;Rennveranstaltungen&#8220; _builder_version=&#8220;4.9.2&#8243; _module_preset=&#8220;default&#8220; open=&#8220;off&#8220;]<\/p>\n<p>We offer driver's seats for the racing events in the FIA \u200b\u200bCentral European Zone Championship, the Drexler Formula Cup and the F2000 Trophy.<\/p>\n<p><strong>Drexler Formel Cup 2026<\/strong><\/p>\n<ul>\n<li>10.-12.04.\u00a0\u00a0\u00a0\u00a0\u00a0\u00a0\u00a0\u00a0\u00a0 Red Bull Ring \/ AUT<\/li>\n<li>24.-26.04.\u00a0\u00a0\u00a0\u00a0\u00a0\u00a0\u00a0\u00a0\u00a0 Imola \/ ITA<\/li>\n<li>15.-17.05.\u00a0\u00a0\u00a0\u00a0\u00a0\u00a0\u00a0\u00a0\u00a0 Grobnik \/ CRO<\/li>\n<li>03.-05.07.\u00a0\u00a0\u00a0\u00a0\u00a0\u00a0\u00a0\u00a0\u00a0 Vallelunga \/ ITA<\/li>\n<li>31.07.-02.08.\u00a0 \u00a0 \u00a0Monza \/ ITA<\/li>\n<li>21.-23.08.\u00a0\u00a0\u00a0\u00a0\u00a0\u00a0\u00a0\u00a0\u00a0 Slovakiaring \/ SVK<\/li>\n<li>11.-13.09.\u00a0\u00a0\u00a0\u00a0\u00a0\u00a0\u00a0\u00a0\u00a0 Brno \/ CZE<\/li>\n<li>16.-18.10.\u00a0\u00a0\u00a0\u00a0\u00a0\u00a0\u00a0\u00a0\u00a0 Mugello \/ ITA<\/li>\n<\/ul>\n<p><strong>Italian F2000 Trophy 2026<\/strong><\/p>\n<ul>\n<li>10.-12.04.\u00a0\u00a0\u00a0\u00a0\u00a0\u00a0\u00a0\u00a0\u00a0 Red Bull Ring \/ AUT<\/li>\n<li>24.-26.04.\u00a0\u00a0\u00a0\u00a0\u00a0\u00a0\u00a0\u00a0\u00a0 Imola \/ ITA<\/li>\n<li>12.-14.06.\u00a0\u00a0\u00a0\u00a0\u00a0\u00a0\u00a0\u00a0\u00a0 Cervesina \/ ITA<\/li>\n<li>03.-05.07.\u00a0\u00a0\u00a0\u00a0\u00a0\u00a0\u00a0\u00a0\u00a0 Vallelunga \/ ITA<\/li>\n<li>31.07.-02.08.\u00a0\u00a0\u00a0 \u00a0Monza \/ ITA<\/li>\n<li>18.-20.09\u00a0\u00a0\u00a0\u00a0\u00a0\u00a0\u00a0\u00a0\u00a0\u00a0\u00a0 Misano \/ ITA<\/li>\n<li>16.-18.10.\u00a0\u00a0\u00a0\u00a0\u00a0\u00a0\u00a0\u00a0\u00a0 Mugello \/ ITA<\/li>\n<\/ul>\n<p><strong>FIA CEZ Kalender 2025 (2026 wird noch bekannt gegeben)<\/strong><\/p>\n<ul>\n<li>29.- 30.04.\u00a0 \u00a0 \u00a0 \u00a0 \u00a0 \u00a0 \u00a0 \u00a0 \u00a0 \u00a0 \u00a0 Hungaroring (HUN)<\/li>\n<li>20.- 21.05.\u00a0 \u00a0 \u00a0 \u00a0 \u00a0 \u00a0 \u00a0 \u00a0 \u00a0 \u00a0 \u00a0 RedBullRing (AUT)<\/li>\n<li>22.- 23.07.\u00a0 \u00a0 \u00a0 \u00a0 \u00a0 \u00a0 \u00a0 \u00a0 \u00a0 \u00a0 \u00a0 Grobnik (HR)<\/li>\n<li>19.- 20.08.\u00a0 \u00a0 \u00a0 \u00a0 \u00a0 \u00a0 \u00a0 \u00a0 \u00a0 \u00a0 \u00a0 Slovakiaring (SVK)<\/li>\n<li>09.- 10.09.\u00a0 \u00a0 \u00a0 \u00a0 \u00a0 \u00a0 \u00a0 \u00a0 \u00a0 \u00a0 \u00a0 Brno (CZ)<\/li>\n<\/ul>\n<p><strong>\u00d6sterreichische Formel Staatsmeisterschaft 2026<\/strong><\/p>\n<ul>\n<li>10.-12.04.\u00a0\u00a0\u00a0\u00a0\u00a0\u00a0\u00a0\u00a0\u00a0 Red Bull Ring \/ AUT<\/li>\n<li>24.-26.04.\u00a0\u00a0\u00a0\u00a0\u00a0\u00a0\u00a0\u00a0\u00a0 Imola \/ ITA<\/li>\n<li>15.-17.05.\u00a0\u00a0\u00a0\u00a0\u00a0\u00a0\u00a0\u00a0\u00a0 Grobnik \/ CRO<\/li>\n<li>21.-23.08.\u00a0\u00a0\u00a0\u00a0\u00a0\u00a0\u00a0\u00a0\u00a0 Slovakiaring \/ SVK<\/li>\n<li>11.-13.09.\u00a0\u00a0\u00a0\u00a0\u00a0\u00a0\u00a0\u00a0\u00a0 Brno \/ CZE<\/li>\n<\/ul>\n<p>For racing events <strong>an international C license<\/strong> is requiert. Since the vehicle is one of the more powerful Formula 3 vehicles, it is rated in the open class.<\/p>\n<p>[\/et_pb_accordion_item][et_pb_accordion_item title=&#8220;Testfahrten&#8220; _builder_version=&#8220;4.9.2&#8243; _module_preset=&#8220;default&#8220; open=&#8220;off&#8220;]<\/p>\n<p><b>Test days are possible all year round. All trackdays that are approved for formula racing cars and have a sufficiently high noise limit are possible. <\/b><b>Trackdays<\/b><b>, die f\u00fcr Formelrennwagen zugelassen sind und eine ausreichend <\/b><b>hohe L\u00e4rmbegrenzung haben sind m\u00f6glich.<br \/><\/b><\/p>\n<p>Possible dates can be found, for example, under the following links:<\/p>\n<p>&#8211;<a href=\"https:\/\/www.my-race-instructor.com\/de\/event?race=2592\">https:\/\/www.my-race-instructor.com\/de\/event?race=2592<\/a><\/p>\n<p>&#8211;<a href=\"https:\/\/www.pistenclub.de\/de\/termine\">https<\/a><a href=\"https:\/\/www.pistenclub.de\/de\/termine\">:\/\/www.pistenclub.de\/de\/<\/a><a href=\"https:\/\/www.pistenclub.de\/de\/termine\">termine<\/a><\/p>\n<p>&#8211;<a href=\"https:\/\/www.hockenheimring.de\/strecke\/testfahrten\/\">https:\/\/www.hockenheimring.de\/strecke\/testfahrten<\/a><a href=\"https:\/\/www.hockenheimring.de\/strecke\/testfahrten\/\">\/<\/a><\/p>\n<p>&#8211;<a href=\"https:\/\/www.oldtimertrackdays.de\/termine-2023\">https<\/a><a href=\"https:\/\/www.oldtimertrackdays.de\/termine-2023\">:\/\/www.oldtimertrackdays.de\/<\/a><a href=\"https:\/\/www.oldtimertrackdays.de\/termine-2023\">termine-2023<\/a><\/p>\n<p><strong>Termine 2026: <\/strong><\/p>\n<p><span style=\"text-decoration: underline;\">Pistenclub<\/span><\/p>\n<p>Sa 21.03. Hockenheimring<\/p>\n<p>Di 05.05. Hockenheimring<\/p>\n<p>Mi 03.06. Hockenheimring<\/p>\n<p>Fr 03.07. Hockenheimring<\/p>\n<p>Sa 01.08. Hockenheimring<\/p>\n<p>So 02.08. Hockenheimring<\/p>\n<p>Do 17.09. Hockenheimring<\/p>\n<p>Mi 14.10. Hockenheimring<\/p>\n<p><span style=\"text-decoration: underline;\">Erprobungsfahrten<\/span>: Termine werden noch bekannt gegeben<\/p>\n<p>[\/et_pb_accordion_item][et_pb_accordion_item title=&#8220;Coaching &#038; Instruktorleistungen&#8220; _builder_version=&#8220;4.9.2&#8243; _module_preset=&#8220;default&#8220; open=&#8220;off&#8220;]Egal ob Rennstreckenneuling, Amateurrennfahrer oder fortgeschrittener Rennfahrer, lasse dich von einem professionellen Rennfahrer mit langj\u00e4hriger Erfahrung coachen. Wichtige Grundlagen werden vermittelt und du lernst unter professioneller Anleitung das Fahren auf einer Rennstrecke und das Beherrschen eines Rennfahrzeuges im Grenzbereich. Dabei nutzen wir u.a. moderne Datenanalysetools (AIM Racestudio 2&amp;3) in Kombination mit einer Onboardkamera (AIM Smarty Cam 2) und GPS um deine Leistung auf der Rennstrecke genau zu analysieren und deine Rundenzeit zu optimieren.&nbsp;[\/et_pb_accordion_item][\/et_pb_accordion][\/et_pb_column][et_pb_column type=&#8220;1_3&#8243; _builder_version=&#8220;4.9.2&#8243; _module_preset=&#8220;default&#8220;][et_pb_image src=&#8220;https:\/\/rennsportcw.com\/wp-content\/uploads\/2023\/08\/DSC01354-scaled.jpg&#8220; title_text=&#8220;DSC01354&#8243; _builder_version=&#8220;4.9.2&#8243; _module_preset=&#8220;default&#8220;][\/et_pb_image][et_pb_image src=&#8220;https:\/\/rennsportcw.com\/wp-content\/uploads\/2023\/07\/FB_IMG_1688842613770.jpg&#8220; title_text=&#8220;FB_IMG_1688842613770&#8243; _builder_version=&#8220;4.9.2&#8243; _module_preset=&#8220;default&#8220;][\/et_pb_image][et_pb_image src=&#8220;https:\/\/rennsportcw.com\/wp-content\/uploads\/2023\/08\/CW_3243.jpg&#8220; title_text=&#8220;CW_3243&#8243; _builder_version=&#8220;4.9.2&#8243; _module_preset=&#8220;default&#8220;][\/et_pb_image][et_pb_image src=&#8220;https:\/\/rennsportcw.com\/wp-content\/uploads\/2023\/01\/WhatsApp-Bild-2023-01-24-um-17.54.31.jpg&#8220; title_text=&#8220;WhatsApp Bild 2023-01-24 um 17.54.31&#8243; _builder_version=&#8220;4.9.2&#8243; _module_preset=&#8220;default&#8220;][\/et_pb_image][et_pb_image src=&#8220;https:\/\/rennsportcw.com\/wp-content\/uploads\/2023\/08\/CW_3232.jpg&#8220; title_text=&#8220;CW_3232&#8243; _builder_version=&#8220;4.9.2&#8243; _module_preset=&#8220;default&#8220;][\/et_pb_image][\/et_pb_column][\/et_pb_row][\/et_pb_section][et_pb_section fb_built=&#8220;1&#8243; _builder_version=&#8220;4.9.2&#8243; _module_preset=&#8220;default&#8220;][et_pb_row _builder_version=&#8220;4.9.2&#8243; _module_preset=&#8220;default&#8220;][et_pb_column type=&#8220;4_4&#8243; _builder_version=&#8220;4.9.2&#8243; _module_preset=&#8220;default&#8220;][et_pb_text _builder_version=&#8220;4.9.2&#8243; _module_preset=&#8220;default&#8220;]<\/p>\n<h3><strong>Contact:<\/strong><\/h3>\n<h3>Rennsport Wachter<\/h3>\n<h3>Im Kirchtal 19A<\/h3>\n<h3>67659 Kaiserslautern<\/h3>\n<h3>Tel.: 0049 6301 710670<\/h3>\n<h3>Mobil: 0049 176 78940266<\/h3>\n<h3>Email: <a href=\"mailto:RennsportCW@gmail.com\">RennsportCW@gmail.com<\/a><\/h3>\n<h3><a href=\"http:\/\/www.rennsportcw.com\">www.rennsportcw.com<\/a><\/h3>\n<h3><\/h3>\n<h3><a href=\"http:\/\/www.rennsportcw.com\">You are also welcome to contact us simply and easily on <strong>Whatsapp<\/strong>: 0049 176 78940266<br \/><\/a><\/h3>\n<p>&nbsp;<\/p>\n<p>&nbsp;<\/p>\n<p>&nbsp;<\/p>\n<p>[\/et_pb_text][\/et_pb_column][\/et_pb_row][\/et_pb_section]<\/p>","protected":false},"excerpt":{"rendered":"<p>[et_pb_section fb_built=&#8220;1&#8243; _builder_version=&#8220;4.9.2&#8243; _module_preset=&#8220;default&#8220; min_height=&#8220;1141.9px&#8220; custom_padding=&#8220;4px||0px|||&#8220;][et_pb_row _builder_version=&#8220;4.9.2&#8243; _module_preset=&#8220;default&#8220; custom_padding=&#8220;43px||3px|||&#8220;][et_pb_column type=&#8220;4_4&#8243; _builder_version=&#8220;4.9.2&#8243; _module_preset=&#8220;default&#8220;][et_pb_text _builder_version=&#8220;4.9.2&#8243; _module_preset=&#8220;default&#8220; hover_enabled=&#8220;0&#8243; sticky_enabled=&#8220;0&#8243;] Formel 3 Fahrerpl\u00e4tze und Leistungen [\/et_pb_text][et_pb_image src=&#8220;https:\/\/rennsportcw.com\/wp-content\/uploads\/2025\/04\/20231103_105114-scaled.jpg&#8220; title_text=&#8220;20231103_105114&#8243; _builder_version=&#8220;4.9.2&#8243; _module_preset=&#8220;default&#8220; hover_enabled=&#8220;0&#8243; sticky_enabled=&#8220;0&#8243;][\/et_pb_image][et_pb_text _builder_version=&#8220;4.9.2&#8243; _module_preset=&#8220;default&#8220; custom_padding=&#8220;||2px|||&#8220;] Wir bieten jungen und jung gebliebenen Fahrern eine Einstiegsm\u00f6glichkeit in den Formelrennsport. Dabei \u00fcbernehmen wir alle administrativen, logistischen und technischen Arbeiten, sodass Sie sich [&hellip;]<\/p>","protected":false},"author":1,"featured_media":0,"parent":0,"menu_order":0,"comment_status":"closed","ping_status":"closed","template":"","meta":{"_et_pb_use_builder":"on","_et_pb_old_content":"","_et_gb_content_width":"","footnotes":""},"class_list":["post-1661","page","type-page","status-publish","hentry"],"yoast_head":"<!-- This site is optimized with the Yoast SEO plugin v27.4 - https:\/\/yoast.com\/product\/yoast-seo-wordpress\/ -->\n<title>Fahrerplatz - Rennsport Wachter<\/title>\n<meta name=\"robots\" content=\"index, follow, max-snippet:-1, max-image-preview:large, max-video-preview:-1\" \/>\n<link rel=\"canonical\" href=\"https:\/\/rennsport-wachter.de\/en\/fahrerplatz\/\" \/>\n<meta property=\"og:locale\" content=\"en_GB\" \/>\n<meta property=\"og:type\" content=\"article\" \/>\n<meta property=\"og:title\" content=\"Fahrerplatz - Rennsport Wachter\" \/>\n<meta property=\"og:description\" content=\"[et_pb_section fb_built=&#8220;1&#8243; _builder_version=&#8220;4.9.2&#8243; _module_preset=&#8220;default&#8220; min_height=&#8220;1141.9px&#8220; custom_padding=&#8220;4px||0px|||&#8220;][et_pb_row _builder_version=&#8220;4.9.2&#8243; _module_preset=&#8220;default&#8220; custom_padding=&#8220;43px||3px|||&#8220;][et_pb_column type=&#8220;4_4&#8243; _builder_version=&#8220;4.9.2&#8243; _module_preset=&#8220;default&#8220;][et_pb_text _builder_version=&#8220;4.9.2&#8243; _module_preset=&#8220;default&#8220; hover_enabled=&#8220;0&#8243; sticky_enabled=&#8220;0&#8243;] Formel 3 Fahrerpl\u00e4tze und Leistungen [\/et_pb_text][et_pb_image src=&#8220;https:\/\/rennsportcw.com\/wp-content\/uploads\/2025\/04\/20231103_105114-scaled.jpg&#8220; title_text=&#8220;20231103_105114&#8243; _builder_version=&#8220;4.9.2&#8243; _module_preset=&#8220;default&#8220; hover_enabled=&#8220;0&#8243; sticky_enabled=&#8220;0&#8243;][\/et_pb_image][et_pb_text _builder_version=&#8220;4.9.2&#8243; _module_preset=&#8220;default&#8220; custom_padding=&#8220;||2px|||&#8220;] Wir bieten jungen und jung gebliebenen Fahrern eine Einstiegsm\u00f6glichkeit in den Formelrennsport. Dabei \u00fcbernehmen wir alle administrativen, logistischen und technischen Arbeiten, sodass Sie sich [&hellip;]\" \/>\n<meta property=\"og:url\" content=\"https:\/\/rennsport-wachter.de\/en\/fahrerplatz\/\" \/>\n<meta property=\"og:site_name\" content=\"Rennsport Wachter\" \/>\n<meta property=\"article:publisher\" content=\"https:\/\/www.facebook.com\/RennsportCW\/\" \/>\n<meta property=\"article:modified_time\" content=\"2026-01-18T08:34:41+00:00\" \/>\n<meta property=\"og:image\" content=\"https:\/\/rennsport-wachter.de\/wp-content\/uploads\/2021\/04\/Bild-5-18.jpg\" \/>\n\t<meta property=\"og:image:width\" content=\"1024\" \/>\n\t<meta property=\"og:image:height\" content=\"699\" \/>\n\t<meta property=\"og:image:type\" content=\"image\/jpeg\" \/>\n<meta name=\"twitter:card\" content=\"summary_large_image\" \/>\n<meta name=\"twitter:site\" content=\"@RennsportWa\" \/>\n<meta name=\"twitter:label1\" content=\"Estimated reading time\" \/>\n\t<meta name=\"twitter:data1\" content=\"7 minutes\" \/>\n<script type=\"application\/ld+json\" class=\"yoast-schema-graph\">{\"@context\":\"https:\\\/\\\/schema.org\",\"@graph\":[{\"@type\":\"WebPage\",\"@id\":\"https:\\\/\\\/rennsport-wachter.de\\\/fahrerplatz\\\/\",\"url\":\"https:\\\/\\\/rennsport-wachter.de\\\/fahrerplatz\\\/\",\"name\":\"Fahrerplatz - Rennsport Wachter\",\"isPartOf\":{\"@id\":\"https:\\\/\\\/rennsport-wachter.de\\\/#website\"},\"datePublished\":\"2023-05-13T13:52:50+00:00\",\"dateModified\":\"2026-01-18T08:34:41+00:00\",\"breadcrumb\":{\"@id\":\"https:\\\/\\\/rennsport-wachter.de\\\/fahrerplatz\\\/#breadcrumb\"},\"inLanguage\":\"en-GB\",\"potentialAction\":[{\"@type\":\"ReadAction\",\"target\":[\"https:\\\/\\\/rennsport-wachter.de\\\/fahrerplatz\\\/\"]}]},{\"@type\":\"BreadcrumbList\",\"@id\":\"https:\\\/\\\/rennsport-wachter.de\\\/fahrerplatz\\\/#breadcrumb\",\"itemListElement\":[{\"@type\":\"ListItem\",\"position\":1,\"name\":\"Startseite\",\"item\":\"https:\\\/\\\/rennsport-wachter.de\\\/\"},{\"@type\":\"ListItem\",\"position\":2,\"name\":\"Fahrerplatz\"}]},{\"@type\":\"WebSite\",\"@id\":\"https:\\\/\\\/rennsport-wachter.de\\\/#website\",\"url\":\"https:\\\/\\\/rennsport-wachter.de\\\/\",\"name\":\"Rennsport Wachter\",\"description\":\"Rennsport Wachter - official website, Formula 3 racing team\",\"potentialAction\":[{\"@type\":\"SearchAction\",\"target\":{\"@type\":\"EntryPoint\",\"urlTemplate\":\"https:\\\/\\\/rennsport-wachter.de\\\/?s={search_term_string}\"},\"query-input\":{\"@type\":\"PropertyValueSpecification\",\"valueRequired\":true,\"valueName\":\"search_term_string\"}}],\"inLanguage\":\"en-GB\"}]}<\/script>\n<!-- \/ Yoast SEO plugin. -->","yoast_head_json":{"title":"Fahrerplatz - Rennsport Wachter","robots":{"index":"index","follow":"follow","max-snippet":"max-snippet:-1","max-image-preview":"max-image-preview:large","max-video-preview":"max-video-preview:-1"},"canonical":"https:\/\/rennsport-wachter.de\/en\/fahrerplatz\/","og_locale":"en_GB","og_type":"article","og_title":"Fahrerplatz - Rennsport Wachter","og_description":"[et_pb_section fb_built=&#8220;1&#8243; _builder_version=&#8220;4.9.2&#8243; _module_preset=&#8220;default&#8220; min_height=&#8220;1141.9px&#8220; custom_padding=&#8220;4px||0px|||&#8220;][et_pb_row _builder_version=&#8220;4.9.2&#8243; _module_preset=&#8220;default&#8220; custom_padding=&#8220;43px||3px|||&#8220;][et_pb_column type=&#8220;4_4&#8243; _builder_version=&#8220;4.9.2&#8243; _module_preset=&#8220;default&#8220;][et_pb_text _builder_version=&#8220;4.9.2&#8243; _module_preset=&#8220;default&#8220; hover_enabled=&#8220;0&#8243; sticky_enabled=&#8220;0&#8243;] Formel 3 Fahrerpl\u00e4tze und Leistungen [\/et_pb_text][et_pb_image src=&#8220;https:\/\/rennsportcw.com\/wp-content\/uploads\/2025\/04\/20231103_105114-scaled.jpg&#8220; title_text=&#8220;20231103_105114&#8243; _builder_version=&#8220;4.9.2&#8243; _module_preset=&#8220;default&#8220; hover_enabled=&#8220;0&#8243; sticky_enabled=&#8220;0&#8243;][\/et_pb_image][et_pb_text _builder_version=&#8220;4.9.2&#8243; _module_preset=&#8220;default&#8220; custom_padding=&#8220;||2px|||&#8220;] Wir bieten jungen und jung gebliebenen Fahrern eine Einstiegsm\u00f6glichkeit in den Formelrennsport. Dabei \u00fcbernehmen wir alle administrativen, logistischen und technischen Arbeiten, sodass Sie sich [&hellip;]","og_url":"https:\/\/rennsport-wachter.de\/en\/fahrerplatz\/","og_site_name":"Rennsport Wachter","article_publisher":"https:\/\/www.facebook.com\/RennsportCW\/","article_modified_time":"2026-01-18T08:34:41+00:00","og_image":[{"url":"https:\/\/rennsport-wachter.de\/wp-content\/uploads\/2021\/04\/Bild-5-18.jpg","width":1024,"height":699,"type":"image\/jpeg"}],"twitter_card":"summary_large_image","twitter_site":"@RennsportWa","twitter_misc":{"Estimated reading time":"7 minutes"},"schema":{"@context":"https:\/\/schema.org","@graph":[{"@type":"WebPage","@id":"https:\/\/rennsport-wachter.de\/fahrerplatz\/","url":"https:\/\/rennsport-wachter.de\/fahrerplatz\/","name":"Fahrerplatz - Rennsport Wachter","isPartOf":{"@id":"https:\/\/rennsport-wachter.de\/#website"},"datePublished":"2023-05-13T13:52:50+00:00","dateModified":"2026-01-18T08:34:41+00:00","breadcrumb":{"@id":"https:\/\/rennsport-wachter.de\/fahrerplatz\/#breadcrumb"},"inLanguage":"en-GB","potentialAction":[{"@type":"ReadAction","target":["https:\/\/rennsport-wachter.de\/fahrerplatz\/"]}]},{"@type":"BreadcrumbList","@id":"https:\/\/rennsport-wachter.de\/fahrerplatz\/#breadcrumb","itemListElement":[{"@type":"ListItem","position":1,"name":"Startseite","item":"https:\/\/rennsport-wachter.de\/"},{"@type":"ListItem","position":2,"name":"Fahrerplatz"}]},{"@type":"WebSite","@id":"https:\/\/rennsport-wachter.de\/#website","url":"https:\/\/rennsport-wachter.de\/","name":"Rennsport Wachter","description":"Rennsport Wachter - official website, Formula 3 racing team","potentialAction":[{"@type":"SearchAction","target":{"@type":"EntryPoint","urlTemplate":"https:\/\/rennsport-wachter.de\/?s={search_term_string}"},"query-input":{"@type":"PropertyValueSpecification","valueRequired":true,"valueName":"search_term_string"}}],"inLanguage":"en-GB"}]}},"_links":{"self":[{"href":"https:\/\/rennsport-wachter.de\/en\/wp-json\/wp\/v2\/pages\/1661","targetHints":{"allow":["GET"]}}],"collection":[{"href":"https:\/\/rennsport-wachter.de\/en\/wp-json\/wp\/v2\/pages"}],"about":[{"href":"https:\/\/rennsport-wachter.de\/en\/wp-json\/wp\/v2\/types\/page"}],"author":[{"embeddable":true,"href":"https:\/\/rennsport-wachter.de\/en\/wp-json\/wp\/v2\/users\/1"}],"replies":[{"embeddable":true,"href":"https:\/\/rennsport-wachter.de\/en\/wp-json\/wp\/v2\/comments?post=1661"}],"version-history":[{"count":48,"href":"https:\/\/rennsport-wachter.de\/en\/wp-json\/wp\/v2\/pages\/1661\/revisions"}],"predecessor-version":[{"id":2250,"href":"https:\/\/rennsport-wachter.de\/en\/wp-json\/wp\/v2\/pages\/1661\/revisions\/2250"}],"wp:attachment":[{"href":"https:\/\/rennsport-wachter.de\/en\/wp-json\/wp\/v2\/media?parent=1661"}],"curies":[{"name":"wp","href":"https:\/\/api.w.org\/{rel}","templated":true}]}}