{"id":2110,"date":"2024-05-20T09:33:47","date_gmt":"2024-05-20T07:33:47","guid":{"rendered":"https:\/\/rennsportcw.com\/?page_id=2110"},"modified":"2025-11-13T19:05:55","modified_gmt":"2025-11-13T18:05:55","slug":"christian-wachter-2","status":"publish","type":"page","link":"https:\/\/rennsport-wachter.de\/en\/christian-wachter-2\/","title":{"rendered":"Christian Wachter"},"content":{"rendered":"<p>[et_pb_section fb_built=&#8220;1&#8243; _builder_version=&#8220;4.9.2&#8243; _module_preset=&#8220;default&#8220; custom_padding=&#8220;5px||0px|||&#8220;][et_pb_row _builder_version=&#8220;4.9.2&#8243; _module_preset=&#8220;default&#8220; custom_margin=&#8220;10px|auto||auto||&#8220; custom_padding=&#8220;||6px|||&#8220;][et_pb_column type=&#8220;4_4&#8243; _builder_version=&#8220;4.9.2&#8243; _module_preset=&#8220;default&#8220;][et_pb_text _builder_version=&#8220;4.9.2&#8243; _module_preset=&#8220;default&#8220; custom_margin=&#8220;||-3px|||&#8220; custom_padding=&#8220;15px|||||&#8220;]<\/p>\n<h2><strong>Engineering services<br \/><\/strong><\/h2>\n<p>[\/et_pb_text][\/et_pb_column][\/et_pb_row][\/et_pb_section][et_pb_section fb_built=&#8220;1&#8243; _builder_version=&#8220;4.9.2&#8243; _module_preset=&#8220;default&#8220;][et_pb_row _builder_version=&#8220;4.9.2&#8243; _module_preset=&#8220;default&#8220;][et_pb_column type=&#8220;4_4&#8243; _builder_version=&#8220;4.9.2&#8243; _module_preset=&#8220;default&#8220;][et_pb_text _builder_version=&#8220;4.9.2&#8243; _module_preset=&#8220;default&#8220;]<\/p>\n<h3>Race\/Data\/Performance Engineer<\/h3>\n<p>Rennsport Wachter also offers motorsport engineering services to other companies. These services can be customized and include, among other things, the following activities:<\/p>\n<ul>\n<li>Fahrzeugleitung w\u00e4hrend den Testfahrten und Rennen<\/li>\n<li>Data analysis and evaluation<\/li>\n<li>Optimization of vehicle settings based on driver feedback and telemetry data<\/li>\n<li>Monitoring of vehicle systems<\/li>\n<li>Development and refinement of vehicle setup strategies<\/li>\n<li>Driver coaching<\/li>\n<\/ul>\n<p>&nbsp;<\/p>\n<p>[\/et_pb_text][\/et_pb_column][\/et_pb_row][\/et_pb_section][et_pb_section fb_built=&#8220;1&#8243; _builder_version=&#8220;4.9.2&#8243; _module_preset=&#8220;default&#8220; custom_padding=&#8220;4px||1px|||&#8220;][et_pb_row _builder_version=&#8220;4.9.2&#8243; _module_preset=&#8220;default&#8220; custom_padding=&#8220;6px|||||&#8220;][et_pb_column type=&#8220;4_4&#8243; _builder_version=&#8220;4.9.2&#8243; _module_preset=&#8220;default&#8220;][et_pb_team_member name=&#8220;Christian Wachter&#8220; position=&#8220;Angehender Diplomingenieur \/ Rennfahrer \/ Instruktor&#8220; image_url=&#8220;https:\/\/rennsportcw.com\/wp-content\/uploads\/2023\/08\/CW_3517.jpg&#8220; _builder_version=&#8220;4.9.2&#8243; _module_preset=&#8220;default&#8220; link_option_url=&#8220;https:\/\/www.instagram.com\/christianwachter_f3\/&#8220; link_option_url_new_window=&#8220;on&#8220;]<\/p>\n<p>Christian ist seit 2016 Rennfahrer und als Renningenieur und Instruktor bei Rennsport Wachter t\u00e4tig. Der angehende Ingenieur mit viel Erfahrung im Formel 3 Cockpit, ist auf der Rennstrecke der Ansprechpartner f\u00fcr die Fahrer. Au\u00dferdem optimiert er mittels moderner Datenanalyse die Performance von Fahrer und Rennfahrzeug. Erfahrung sammelte er unter anderem auch im Porsche Entwicklungszentrum Weissach.<\/p>\n<p>&nbsp;<\/p>\n<p>&nbsp;<\/p>\n<p>[\/et_pb_team_member][et_pb_text _builder_version=&#8220;4.9.2&#8243; _module_preset=&#8220;default&#8220;]<\/p>\n<table width=\"652\">\n<tbody>\n<tr>\n<td width=\"151\">\n<p><strong>Date of birth<\/strong><\/p>\n<\/td>\n<td width=\"501\">\n<p>8. November 2001 in Kaiserslautern (Germany)<\/p>\n<\/td>\n<\/tr>\n<tr>\n<td width=\"151\">\n<p><strong>Racing license<\/strong><\/p>\n<\/td>\n<td width=\"501\">\n<p>International A (ITA)<\/p>\n<\/td>\n<\/tr>\n<tr>\n<td width=\"151\">\n<p><strong>Education<\/strong><\/p>\n<\/td>\n<td width=\"501\">\n<p>Porsche Entwicklungszentrum Weissach: Ingenieurspraktikum 2025<\/p>\n<p>Mechanical engineering with a focus on automotive engineering at the TU Kaiserslautern<\/p>\n<p>Currently in the 9th semester of Diplom Degree (Dipl. Ing., equivalent to Master)<\/p>\n<p>Preliminary diploma in 2024<\/p>\n<\/td>\n<\/tr>\n<tr>\n<td width=\"151\">\n<p><strong>First race<\/strong><\/p>\n<\/td>\n<td width=\"501\">\n<p>Formula BMW on 10.09.2016 in Brno (CZ)<\/p>\n<\/td>\n<\/tr>\n<tr>\n<td width=\"151\">\n<p><strong>Rennerfahrung<\/strong><\/p>\n<\/td>\n<td width=\"501\">\n<p>2017- jetzt: Formel 3<\/p>\n<p>\u00a0\u00a0\u00a0\u00a0\u00a0\u00a0\u00a0\u00a0 German Formula 3 Cup<\/p>\n<p>\u00a0\u00a0\u00a0\u00a0\u00a0\u00a0\u00a0\u00a0 FIA Central European Zone F3 Championship<\/p>\n<p>\u00a0\u00a0\u00a0\u00a0\u00a0\u00a0\u00a0\u00a0 Drexler Formula Cup<\/p>\n<p>\u00a0\u00a0\u00a0\u00a0\u00a0\u00a0\u00a0\u00a0 Italian F2000 Formula Trophy<\/p>\n<p>2016: Formula BMW<\/p>\n<\/td>\n<\/tr>\n<tr>\n<td width=\"151\">\n<p><strong>Kartsport<\/strong><\/p>\n<\/td>\n<td width=\"501\">\n<p>2013- 2016:<\/p>\n<p>\u00a0\u00a0\u00a0\u00a0\u00a0\u00a0\u00a0 ADAC Kart Cup (nationwide)<\/p>\n<p>\u00a0\u00a0\u00a0\u00a0\u00a0\u00a0\u00a0 South German ADAC Kart Cup (SAKC)<\/p>\n<p>\u00a0\u00a0\u00a0\u00a0\u00a0\u00a0\u00a0 West German ADAC Kart Cup (WAKC)<\/p>\n<p>\u00a0\u00a0\u00a0\u00a0\u00a0\u00a0\u00a0 Kart Youngster Cup Mittelrhein-Pfalz-Saar<\/p>\n<p>\u00a0\u00a0\u00a0\u00a0\u00a0\u00a0\u00a0 Rheinlandpfalz Kart- Rennsport Cup<\/p>\n<p>\u00a0\u00a0\u00a0\u00a0\u00a0\u00a0\u00a0 German Swissauto Cup<\/p>\n<\/td>\n<\/tr>\n<tr>\n<td width=\"151\">\n<p><strong>Special skills<\/strong><\/p>\n<\/td>\n<td width=\"501\">\n<p>DOSB Trainer C License Competitive Sports<\/p>\n<p>1. Dan (schwarzer Gurt) im Taekwondo<\/p>\n<p>Wissenschaftliches Programmieren Advanced (Python, Matlab)<\/p>\n<\/td>\n<\/tr>\n<tr>\n<td width=\"151\">\n<p><strong>linguistic proficiency<\/strong><\/p>\n<\/td>\n<td width=\"501\">\n<p>German (native speaker)<\/p>\n<p>English(C1)<\/p>\n<p>Technical English (C1)<\/p>\n<p>Croatian (basics)<\/p>\n<\/td>\n<\/tr>\n<\/tbody>\n<\/table>\n<p>[\/et_pb_text][\/et_pb_column][\/et_pb_row][et_pb_row _builder_version=&#8220;4.9.2&#8243; _module_preset=&#8220;default&#8220;][et_pb_column type=&#8220;4_4&#8243; _builder_version=&#8220;4.9.2&#8243; _module_preset=&#8220;default&#8220;][et_pb_image src=&#8220;https:\/\/rennsportcw.com\/wp-content\/uploads\/2025\/11\/Lebenslauf-1.png&#8220; title_text=&#8220;Lebenslauf 1&#8243; _builder_version=&#8220;4.9.2&#8243; _module_preset=&#8220;default&#8220;][\/et_pb_image][et_pb_image src=&#8220;https:\/\/rennsportcw.com\/wp-content\/uploads\/2025\/11\/Lebenslauf-2.png&#8220; title_text=&#8220;Lebenslauf 2&#8243; _builder_version=&#8220;4.9.2&#8243; _module_preset=&#8220;default&#8220;][\/et_pb_image][\/et_pb_column][\/et_pb_row][\/et_pb_section][et_pb_section fb_built=&#8220;1&#8243; _builder_version=&#8220;4.9.2&#8243; _module_preset=&#8220;default&#8220;][et_pb_row column_structure=&#8220;1_5,1_5,1_5,1_5,1_5&#8243; _builder_version=&#8220;4.9.2&#8243; _module_preset=&#8220;default&#8220;][et_pb_column type=&#8220;1_5&#8243; _builder_version=&#8220;4.9.2&#8243; _module_preset=&#8220;default&#8220;][et_pb_image src=&#8220;https:\/\/rennsportcw.com\/wp-content\/uploads\/2023\/08\/CW_3517.jpg&#8220; title_text=&#8220;CW_3517&#8243; _builder_version=&#8220;4.9.2&#8243; _module_preset=&#8220;default&#8220;][\/et_pb_image][\/et_pb_column][et_pb_column type=&#8220;1_5&#8243; _builder_version=&#8220;4.9.2&#8243; _module_preset=&#8220;default&#8220;][et_pb_image src=&#8220;https:\/\/rennsportcw.com\/wp-content\/uploads\/2024\/05\/Vordiplom.png&#8220; title_text=&#8220;Vordiplom&#8220; _builder_version=&#8220;4.9.2&#8243; _module_preset=&#8220;default&#8220;][\/et_pb_image][\/et_pb_column][et_pb_column type=&#8220;1_5&#8243; _builder_version=&#8220;4.9.2&#8243; _module_preset=&#8220;default&#8220;][et_pb_image src=&#8220;https:\/\/rennsportcw.com\/wp-content\/uploads\/2024\/05\/Trainer-Licenz.png&#8220; title_text=&#8220;Trainer Licenz&#8220; _builder_version=&#8220;4.9.2&#8243; _module_preset=&#8220;default&#8220;][\/et_pb_image][\/et_pb_column][et_pb_column type=&#8220;1_5&#8243; _builder_version=&#8220;4.9.2&#8243; _module_preset=&#8220;default&#8220;][et_pb_image src=&#8220;https:\/\/rennsportcw.com\/wp-content\/uploads\/2024\/05\/Technisches-Englisch.png&#8220; title_text=&#8220;Technisches Englisch&#8220; _builder_version=&#8220;4.9.2&#8243; _module_preset=&#8220;default&#8220;][\/et_pb_image][\/et_pb_column][et_pb_column type=&#8220;1_5&#8243; _builder_version=&#8220;4.9.2&#8243; _module_preset=&#8220;default&#8220;][et_pb_image src=&#8220;https:\/\/rennsportcw.com\/wp-content\/uploads\/2024\/05\/Lizenz-ITA.jpg&#8220; title_text=&#8220;Lizenz ITA&#8220; _builder_version=&#8220;4.9.2&#8243; _module_preset=&#8220;default&#8220;][\/et_pb_image][\/et_pb_column][\/et_pb_row][\/et_pb_section][et_pb_section fb_built=&#8220;1&#8243; _builder_version=&#8220;4.9.2&#8243; _module_preset=&#8220;default&#8220;][et_pb_row column_structure=&#8220;1_3,2_3&#8243; _builder_version=&#8220;4.9.2&#8243; _module_preset=&#8220;default&#8220;][et_pb_column type=&#8220;1_3&#8243; _builder_version=&#8220;4.9.2&#8243; _module_preset=&#8220;default&#8220;][et_pb_button button_url=&#8220;@ET-DC@eyJkeW5hbWljIjp0cnVlLCJjb250ZW50IjoicG9zdF9saW5rX3VybF9wYWdlIiwic2V0dGluZ3MiOnsicG9zdF9pZCI6IjExOTkifX0=@&#8220; button_text=&#8220;Erfolge&#8220; _builder_version=&#8220;4.9.2&#8243; _dynamic_attributes=&#8220;button_url&#8220; _module_preset=&#8220;default&#8220;][\/et_pb_button][\/et_pb_column][et_pb_column type=&#8220;2_3&#8243; _builder_version=&#8220;4.9.2&#8243; _module_preset=&#8220;default&#8220;][et_pb_social_media_follow follow_button=&#8220;on&#8220; _builder_version=&#8220;4.9.2&#8243; _module_preset=&#8220;default&#8220; text_orientation=&#8220;center&#8220;][et_pb_social_media_follow_network social_network=&#8220;facebook&#8220; url=&#8220;https:\/\/www.facebook.com\/RennsportCW\/&#8220; _builder_version=&#8220;4.9.2&#8243; _module_preset=&#8220;default&#8220; background_color=&#8220;#3b5998&#8243; follow_button=&#8220;on&#8220; url_new_window=&#8220;on&#8220;]facebook[\/et_pb_social_media_follow_network][et_pb_social_media_follow_network social_network=&#8220;instagram&#8220; url=&#8220;https:\/\/www.instagram.com\/christianwachter_f3\/&#8220; _builder_version=&#8220;4.9.2&#8243; _module_preset=&#8220;default&#8220; background_color=&#8220;#ea2c59&#8243; follow_button=&#8220;on&#8220; url_new_window=&#8220;on&#8220;]instagram[\/et_pb_social_media_follow_network][et_pb_social_media_follow_network social_network=&#8220;linkedin&#8220; url=&#8220;https:\/\/www.linkedin.com\/in\/christianwachter2001\/&#8220; _builder_version=&#8220;4.9.2&#8243; _module_preset=&#8220;default&#8220; background_color=&#8220;#007bb6&#8243; follow_button=&#8220;on&#8220; url_new_window=&#8220;on&#8220;]linkedin[\/et_pb_social_media_follow_network][et_pb_social_media_follow_network social_network=&#8220;youtube&#8220; url=&#8220;https:\/\/www.youtube.com\/channel\/UCm2-3lDurP_obkeR6tHObPg&#8220; _builder_version=&#8220;4.9.2&#8243; _module_preset=&#8220;default&#8220; background_color=&#8220;#a82400&#8243; follow_button=&#8220;on&#8220; url_new_window=&#8220;on&#8220;]youtube[\/et_pb_social_media_follow_network][\/et_pb_social_media_follow][\/et_pb_column][\/et_pb_row][\/et_pb_section]<\/p>","protected":false},"excerpt":{"rendered":"<p>[et_pb_section fb_built=&#8220;1&#8243; _builder_version=&#8220;4.9.2&#8243; _module_preset=&#8220;default&#8220; custom_padding=&#8220;5px||0px|||&#8220;][et_pb_row _builder_version=&#8220;4.9.2&#8243; _module_preset=&#8220;default&#8220; custom_margin=&#8220;10px|auto||auto||&#8220; custom_padding=&#8220;||6px|||&#8220;][et_pb_column type=&#8220;4_4&#8243; _builder_version=&#8220;4.9.2&#8243; _module_preset=&#8220;default&#8220;][et_pb_text _builder_version=&#8220;4.9.2&#8243; _module_preset=&#8220;default&#8220; custom_margin=&#8220;||-3px|||&#8220; custom_padding=&#8220;15px|||||&#8220;] Ingenieursleistungen [\/et_pb_text][\/et_pb_column][\/et_pb_row][\/et_pb_section][et_pb_section fb_built=&#8220;1&#8243; _builder_version=&#8220;4.9.2&#8243; _module_preset=&#8220;default&#8220;][et_pb_row _builder_version=&#8220;4.9.2&#8243; _module_preset=&#8220;default&#8220;][et_pb_column type=&#8220;4_4&#8243; _builder_version=&#8220;4.9.2&#8243; _module_preset=&#8220;default&#8220;][et_pb_text _builder_version=&#8220;4.9.2&#8243; _module_preset=&#8220;default&#8220;] Renn- \/Daten-\/Performanceingenieur Rennsport Wachter bietet auch anderen Unternehmen Ingenieursdienstleistungen im Motorsport an. Die Dienstleistung kann indivduell angepasst werden und beinhaltet unter anderem die folgenden T\u00e4tigkeiten: Fahrzeugleitung w\u00e4hrend [&hellip;]<\/p>","protected":false},"author":1,"featured_media":0,"parent":0,"menu_order":0,"comment_status":"closed","ping_status":"closed","template":"","meta":{"_et_pb_use_builder":"on","_et_pb_old_content":"","_et_gb_content_width":"","footnotes":""},"class_list":["post-2110","page","type-page","status-publish","hentry"],"yoast_head":"<!-- This site is optimized with the Yoast SEO plugin v27.4 - https:\/\/yoast.com\/product\/yoast-seo-wordpress\/ -->\n<title>Christian Wachter - Rennsport Wachter<\/title>\n<meta name=\"robots\" content=\"index, follow, max-snippet:-1, max-image-preview:large, max-video-preview:-1\" \/>\n<link rel=\"canonical\" href=\"https:\/\/rennsport-wachter.de\/en\/christian-wachter-2\/\" \/>\n<meta property=\"og:locale\" content=\"en_GB\" \/>\n<meta property=\"og:type\" content=\"article\" \/>\n<meta property=\"og:title\" content=\"Christian Wachter - Rennsport Wachter\" \/>\n<meta property=\"og:description\" content=\"[et_pb_section fb_built=&#8220;1&#8243; _builder_version=&#8220;4.9.2&#8243; _module_preset=&#8220;default&#8220; custom_padding=&#8220;5px||0px|||&#8220;][et_pb_row _builder_version=&#8220;4.9.2&#8243; _module_preset=&#8220;default&#8220; custom_margin=&#8220;10px|auto||auto||&#8220; custom_padding=&#8220;||6px|||&#8220;][et_pb_column type=&#8220;4_4&#8243; _builder_version=&#8220;4.9.2&#8243; _module_preset=&#8220;default&#8220;][et_pb_text _builder_version=&#8220;4.9.2&#8243; _module_preset=&#8220;default&#8220; custom_margin=&#8220;||-3px|||&#8220; custom_padding=&#8220;15px|||||&#8220;] Ingenieursleistungen [\/et_pb_text][\/et_pb_column][\/et_pb_row][\/et_pb_section][et_pb_section fb_built=&#8220;1&#8243; _builder_version=&#8220;4.9.2&#8243; _module_preset=&#8220;default&#8220;][et_pb_row _builder_version=&#8220;4.9.2&#8243; _module_preset=&#8220;default&#8220;][et_pb_column type=&#8220;4_4&#8243; _builder_version=&#8220;4.9.2&#8243; _module_preset=&#8220;default&#8220;][et_pb_text _builder_version=&#8220;4.9.2&#8243; _module_preset=&#8220;default&#8220;] Renn- \/Daten-\/Performanceingenieur Rennsport Wachter bietet auch anderen Unternehmen Ingenieursdienstleistungen im Motorsport an. Die Dienstleistung kann indivduell angepasst werden und beinhaltet unter anderem die folgenden T\u00e4tigkeiten: Fahrzeugleitung w\u00e4hrend [&hellip;]\" \/>\n<meta property=\"og:url\" content=\"https:\/\/rennsport-wachter.de\/en\/christian-wachter-2\/\" \/>\n<meta property=\"og:site_name\" content=\"Rennsport Wachter\" \/>\n<meta property=\"article:publisher\" content=\"https:\/\/www.facebook.com\/RennsportCW\/\" \/>\n<meta property=\"article:modified_time\" content=\"2025-11-13T18:05:55+00:00\" \/>\n<meta property=\"og:image\" content=\"https:\/\/rennsport-wachter.de\/wp-content\/uploads\/2021\/04\/Bild-5-18.jpg\" \/>\n\t<meta property=\"og:image:width\" content=\"1024\" \/>\n\t<meta property=\"og:image:height\" content=\"699\" \/>\n\t<meta property=\"og:image:type\" content=\"image\/jpeg\" \/>\n<meta name=\"twitter:card\" content=\"summary_large_image\" \/>\n<meta name=\"twitter:site\" content=\"@RennsportWa\" \/>\n<meta name=\"twitter:label1\" content=\"Estimated reading time\" \/>\n\t<meta name=\"twitter:data1\" content=\"5 minutes\" \/>\n<script type=\"application\/ld+json\" class=\"yoast-schema-graph\">{\"@context\":\"https:\\\/\\\/schema.org\",\"@graph\":[{\"@type\":\"WebPage\",\"@id\":\"https:\\\/\\\/rennsport-wachter.de\\\/christian-wachter-2\\\/\",\"url\":\"https:\\\/\\\/rennsport-wachter.de\\\/christian-wachter-2\\\/\",\"name\":\"Christian Wachter - Rennsport Wachter\",\"isPartOf\":{\"@id\":\"https:\\\/\\\/rennsport-wachter.de\\\/#website\"},\"datePublished\":\"2024-05-20T07:33:47+00:00\",\"dateModified\":\"2025-11-13T18:05:55+00:00\",\"breadcrumb\":{\"@id\":\"https:\\\/\\\/rennsport-wachter.de\\\/christian-wachter-2\\\/#breadcrumb\"},\"inLanguage\":\"en-GB\",\"potentialAction\":[{\"@type\":\"ReadAction\",\"target\":[\"https:\\\/\\\/rennsport-wachter.de\\\/christian-wachter-2\\\/\"]}]},{\"@type\":\"BreadcrumbList\",\"@id\":\"https:\\\/\\\/rennsport-wachter.de\\\/christian-wachter-2\\\/#breadcrumb\",\"itemListElement\":[{\"@type\":\"ListItem\",\"position\":1,\"name\":\"Startseite\",\"item\":\"https:\\\/\\\/rennsport-wachter.de\\\/\"},{\"@type\":\"ListItem\",\"position\":2,\"name\":\"Christian Wachter\"}]},{\"@type\":\"WebSite\",\"@id\":\"https:\\\/\\\/rennsport-wachter.de\\\/#website\",\"url\":\"https:\\\/\\\/rennsport-wachter.de\\\/\",\"name\":\"Rennsport Wachter\",\"description\":\"Rennsport Wachter - official website, Formula 3 racing team\",\"potentialAction\":[{\"@type\":\"SearchAction\",\"target\":{\"@type\":\"EntryPoint\",\"urlTemplate\":\"https:\\\/\\\/rennsport-wachter.de\\\/?s={search_term_string}\"},\"query-input\":{\"@type\":\"PropertyValueSpecification\",\"valueRequired\":true,\"valueName\":\"search_term_string\"}}],\"inLanguage\":\"en-GB\"}]}<\/script>\n<!-- \/ Yoast SEO plugin. -->","yoast_head_json":{"title":"Christian Wachter - Rennsport Wachter","robots":{"index":"index","follow":"follow","max-snippet":"max-snippet:-1","max-image-preview":"max-image-preview:large","max-video-preview":"max-video-preview:-1"},"canonical":"https:\/\/rennsport-wachter.de\/en\/christian-wachter-2\/","og_locale":"en_GB","og_type":"article","og_title":"Christian Wachter - Rennsport Wachter","og_description":"[et_pb_section fb_built=&#8220;1&#8243; _builder_version=&#8220;4.9.2&#8243; _module_preset=&#8220;default&#8220; custom_padding=&#8220;5px||0px|||&#8220;][et_pb_row _builder_version=&#8220;4.9.2&#8243; _module_preset=&#8220;default&#8220; custom_margin=&#8220;10px|auto||auto||&#8220; custom_padding=&#8220;||6px|||&#8220;][et_pb_column type=&#8220;4_4&#8243; _builder_version=&#8220;4.9.2&#8243; _module_preset=&#8220;default&#8220;][et_pb_text _builder_version=&#8220;4.9.2&#8243; _module_preset=&#8220;default&#8220; custom_margin=&#8220;||-3px|||&#8220; custom_padding=&#8220;15px|||||&#8220;] Ingenieursleistungen [\/et_pb_text][\/et_pb_column][\/et_pb_row][\/et_pb_section][et_pb_section fb_built=&#8220;1&#8243; _builder_version=&#8220;4.9.2&#8243; _module_preset=&#8220;default&#8220;][et_pb_row _builder_version=&#8220;4.9.2&#8243; _module_preset=&#8220;default&#8220;][et_pb_column type=&#8220;4_4&#8243; _builder_version=&#8220;4.9.2&#8243; _module_preset=&#8220;default&#8220;][et_pb_text _builder_version=&#8220;4.9.2&#8243; _module_preset=&#8220;default&#8220;] Renn- \/Daten-\/Performanceingenieur Rennsport Wachter bietet auch anderen Unternehmen Ingenieursdienstleistungen im Motorsport an. Die Dienstleistung kann indivduell angepasst werden und beinhaltet unter anderem die folgenden T\u00e4tigkeiten: Fahrzeugleitung w\u00e4hrend [&hellip;]","og_url":"https:\/\/rennsport-wachter.de\/en\/christian-wachter-2\/","og_site_name":"Rennsport Wachter","article_publisher":"https:\/\/www.facebook.com\/RennsportCW\/","article_modified_time":"2025-11-13T18:05:55+00:00","og_image":[{"url":"https:\/\/rennsport-wachter.de\/wp-content\/uploads\/2021\/04\/Bild-5-18.jpg","width":1024,"height":699,"type":"image\/jpeg"}],"twitter_card":"summary_large_image","twitter_site":"@RennsportWa","twitter_misc":{"Estimated reading time":"5 minutes"},"schema":{"@context":"https:\/\/schema.org","@graph":[{"@type":"WebPage","@id":"https:\/\/rennsport-wachter.de\/christian-wachter-2\/","url":"https:\/\/rennsport-wachter.de\/christian-wachter-2\/","name":"Christian Wachter - Rennsport Wachter","isPartOf":{"@id":"https:\/\/rennsport-wachter.de\/#website"},"datePublished":"2024-05-20T07:33:47+00:00","dateModified":"2025-11-13T18:05:55+00:00","breadcrumb":{"@id":"https:\/\/rennsport-wachter.de\/christian-wachter-2\/#breadcrumb"},"inLanguage":"en-GB","potentialAction":[{"@type":"ReadAction","target":["https:\/\/rennsport-wachter.de\/christian-wachter-2\/"]}]},{"@type":"BreadcrumbList","@id":"https:\/\/rennsport-wachter.de\/christian-wachter-2\/#breadcrumb","itemListElement":[{"@type":"ListItem","position":1,"name":"Startseite","item":"https:\/\/rennsport-wachter.de\/"},{"@type":"ListItem","position":2,"name":"Christian Wachter"}]},{"@type":"WebSite","@id":"https:\/\/rennsport-wachter.de\/#website","url":"https:\/\/rennsport-wachter.de\/","name":"Rennsport Wachter","description":"Rennsport Wachter - official website, Formula 3 racing team","potentialAction":[{"@type":"SearchAction","target":{"@type":"EntryPoint","urlTemplate":"https:\/\/rennsport-wachter.de\/?s={search_term_string}"},"query-input":{"@type":"PropertyValueSpecification","valueRequired":true,"valueName":"search_term_string"}}],"inLanguage":"en-GB"}]}},"_links":{"self":[{"href":"https:\/\/rennsport-wachter.de\/en\/wp-json\/wp\/v2\/pages\/2110","targetHints":{"allow":["GET"]}}],"collection":[{"href":"https:\/\/rennsport-wachter.de\/en\/wp-json\/wp\/v2\/pages"}],"about":[{"href":"https:\/\/rennsport-wachter.de\/en\/wp-json\/wp\/v2\/types\/page"}],"author":[{"embeddable":true,"href":"https:\/\/rennsport-wachter.de\/en\/wp-json\/wp\/v2\/users\/1"}],"replies":[{"embeddable":true,"href":"https:\/\/rennsport-wachter.de\/en\/wp-json\/wp\/v2\/comments?post=2110"}],"version-history":[{"count":17,"href":"https:\/\/rennsport-wachter.de\/en\/wp-json\/wp\/v2\/pages\/2110\/revisions"}],"predecessor-version":[{"id":2227,"href":"https:\/\/rennsport-wachter.de\/en\/wp-json\/wp\/v2\/pages\/2110\/revisions\/2227"}],"wp:attachment":[{"href":"https:\/\/rennsport-wachter.de\/en\/wp-json\/wp\/v2\/media?parent=2110"}],"curies":[{"name":"wp","href":"https:\/\/api.w.org\/{rel}","templated":true}]}}